{"id":6840,"date":"2024-04-19T19:54:24","date_gmt":"2024-04-19T17:54:24","guid":{"rendered":"https:\/\/vbbabogados.com\/?page_id=6840"},"modified":"2024-04-19T19:54:24","modified_gmt":"2024-04-19T17:54:24","slug":"politica-de-cookies","status":"publish","type":"page","link":"https:\/\/vbbabogados.com\/ca\/politica-de-cookies\/","title":{"rendered":"Pol\u00edtica de cookies"},"content":{"rendered":"<p><section id=\"bt_bb_section69e8ae69a536f\" class=\"bt_bb_section bt_bb_color_scheme_11 bt_bb_layout_boxed_1200 bt_bb_vertical_align_top bt_bb_top_spacing_large bt_bb_bottom_spacing_large\" style=\"; --section-primary-color:#191919; --section-secondary-color:#eff3f4;\" data-bt-override-class=\"null\"><div class=\"bt_bb_port\"><div class=\"bt_bb_cell\"><div class=\"bt_bb_cell_inner\"><div class=\"bt_bb_row \"  data-bt-override-class=\"{}\"><div class=\"bt_bb_row_holder\" ><div  class=\"bt_bb_column col-xl-3 bt_bb_align_left bt_bb_padding_normal\"  data-width=\"3\" data-bt-override-class=\"{}\"><div class=\"bt_bb_column_content bt_bb_vertical_align_top bt_bb_color_scheme_\"><div class=\"bt_bb_column_content_inner\"><\/div><\/div><\/div><div  class=\"bt_bb_column col-xl-6 bt_bb_align_center bt_bb_padding_50\"  data-width=\"6\" data-bt-override-class=\"{}\"><div class=\"bt_bb_column_content bt_bb_vertical_align_middle bt_bb_color_scheme_\"><div class=\"bt_bb_column_content_inner\"><div class=\"bt_bb_separator bt_bb_border_style_none bt_bb_bottom_spacing_medium bt_bb_hidden_xs bt_bb_hidden_ms bt_bb_hidden_sm\" data-bt-override-class=\"null\"><\/div><header class=\"bt_bb_headline bt_bb_color_scheme_5 bt_bb_dash_none bt_bb_superheadline bt_bb_size_extralarge bt_bb_align_inherit\" style=\"; --primary-color:#191919; --secondary-color:#9e3d40;\" data-bt-override-class=\"{&quot;bt_bb_align_&quot;:{&quot;current_class&quot;:&quot;bt_bb_align_inherit&quot;,&quot;def&quot;:&quot;inherit&quot;,&quot;xl&quot;:&quot;inherit&quot;}}\"><h2 class=\"bt_bb_headline_tag\"><span class=\"bt_bb_headline_superheadline\">BB ABOGADOS<\/span><span class=\"bt_bb_headline_content\"><span>POL\u00cdTICA DE COOKIES<\/span><\/span><\/h2><\/header><div class=\"bt_bb_separator bt_bb_border_style_none bt_bb_bottom_spacing_medium bt_bb_hidden_xs bt_bb_hidden_ms bt_bb_hidden_sm\" data-bt-override-class=\"null\"><\/div><\/div><\/div><\/div><div  class=\"bt_bb_column col-xl-3 bt_bb_align_left bt_bb_padding_normal\"  data-width=\"3\" data-bt-override-class=\"{}\"><div class=\"bt_bb_column_content bt_bb_vertical_align_top bt_bb_color_scheme_\"><div class=\"bt_bb_column_content_inner\"><\/div><\/div><\/div><\/div><\/div><\/div><!-- cell_inner --><\/div><!-- cell --><\/div><!-- port --><\/section><section id=\"bt_bb_section69e8ae69a5b2b\" class=\"bt_bb_section bt_bb_layout_boxed_1200 bt_bb_vertical_align_top bt_bb_top_spacing_large bt_bb_bottom_spacing_normal\"  data-bt-override-class=\"null\"><div class=\"bt_bb_port\"><div class=\"bt_bb_cell\"><div class=\"bt_bb_cell_inner\"><div class=\"bt_bb_row \"  data-bt-override-class=\"{}\"><div class=\"bt_bb_row_holder\" ><div  class=\"bt_bb_column col-xl-12 col-xs-12 col-sm-12 col-md-12 col-lg-12 bt_bb_align_left bt_bb_padding_normal\"  data-width=\"12\" data-bt-override-class=\"{&quot;bt_bb_align_&quot;:{&quot;current_class&quot;:&quot;bt_bb_align_left&quot;,&quot;def&quot;:&quot;left&quot;,&quot;xl&quot;:&quot;left&quot;}}\"><div class=\"bt_bb_column_content bt_bb_vertical_align_top bt_bb_color_scheme_\"><div class=\"bt_bb_column_content_inner\"><div  class=\"bt_bb_text\" ><\/p>\n<p>Esta Web utiliza cookies propias y de terceros para ofrecerle una mejor experiencia y servicio. Al navegar o utilizar nuestros servicios el usuario acepta el uso que hacemos de las cookies. Sin embargo, el usuario tiene la opci\u00f3n de impedir la generaci\u00f3n de cookies y la eliminaci\u00f3n de las mismas mediante la selecci\u00f3n de la correspondiente opci\u00f3n en su Navegador. En caso de bloquear el uso de cookies en su navegador es posible que algunos servicios o funcionalidades de la p\u00e1gina Web no est\u00e9n disponibles.<\/p>\n<h3>\u00bfQu\u00e9 es una cookie?<\/h3>\n<p>Una cookie es un peque\u00f1o fragmento de texto que los sitios Web env\u00edan al navegador y que se almacenan en el terminal del usuario, el cual puede ser un ordenador personal, un tel\u00e9fono m\u00f3vil, un tablet, etc.. Estos archivos permiten que el sitio Web recuerde informaci\u00f3n sobre su visita, como el idioma y las opciones preferidas, lo que puede facilitar su pr\u00f3xima visita y hacer que el sitio resulte m\u00e1s \u00fatil al personalizar su contenido. Las cookies desempe\u00f1an un papel muy importante, al mejorar la experiencia de uso de la Web.<\/p>\n<h3>\u00bfC\u00f3mo se utilizan las cookies?<\/h3>\n<p>Al navegar por este portal Web el usuario est\u00e1 aceptando que se puedan instalar cookies en su terminal y que nos permiten conocer la siguiente informaci\u00f3n:<\/p>\n<p>Informaci\u00f3n estad\u00edstica del uso de la web.<br \/>\nEl \u2018login\u2019 del usuario para mantener la sesi\u00f3n activa en la web.<br \/>\nEl formato de la web preferente en el acceso desde dispositivos m\u00f3viles.<br \/>\nLas \u00faltimas b\u00fasquedas realizadas en los servicios de la web y datos de personalizaci\u00f3n de estos servicios.<br \/>\nInformaci\u00f3n sobre los anuncios que se muestran al usuario.<br \/>\nInformaci\u00f3n de las encuestas en las que ha participado el usuario.<br \/>\nDatos de la conexi\u00f3n con las redes sociales para los usuarios que acceden con su usuario de Facebook o Twitter.<\/p>\n<h3>Tipos de cookies utilizadas<\/h3>\n<p>Esta Web utiliza tanto cookies temporales de sesi\u00f3n como cookies permanentes. Las cookies de sesi\u00f3n almacenan datos \u00fanicamente mientras el usuario accede al Web y las cookies permanentes almacenan los datos en el terminal para que sean accedidos y utilizados en m\u00e1s de una sesi\u00f3n.<\/p>\n<p>Seg\u00fan la finalidad para la que se traten los datos obtenidos a trav\u00e9s de las cookies, el Web puede utilizar:<\/p>\n<h4>Cookies t\u00e9cnicas<\/h4>\n<p>Son aqu\u00e9llas que permiten al usuario la navegaci\u00f3n a trav\u00e9s de la p\u00e1gina Web o aplicaci\u00f3n y la utilizaci\u00f3n de las diferentes opciones o servicios que en ella existen. Por ejemplo, controlar el tr\u00e1fico y la comunicaci\u00f3n de datos, identificar la sesi\u00f3n, acceder a las partes Web de acceso restringido, recordar los elementos que integran un pedido, realizar la solicitud de inscripci\u00f3n o participaci\u00f3n en un evento, utilizar elementos de seguridad durante la navegaci\u00f3n y almacenar contenidos para la difusi\u00f3n de videos o sonido.<\/p>\n<h4>Cookies de personalizaci\u00f3n<\/h4>\n<p>Son aqu\u00e9llas que permiten al usuario acceder al servicio con algunas caracter\u00edsticas de car\u00e1cter general predefinidas en su terminal o que el propio usuario defina. Por ejemplo, el idioma, el tipo de navegador a trav\u00e9s del cual accede al servicio, el dise\u00f1o de contenidos seleccionado, geolocalizaci\u00f3n del terminal y la configuraci\u00f3n regional desde donde se accede al servicio.<\/p>\n<h4>Cookies publicitarias<\/h4>\n<p>Son aquellas que permiten la gesti\u00f3n eficaz de los espacios publicitarios que se han incluido en la p\u00e1gina Web o aplicaci\u00f3n desde la que se presta el servicio. Permiten adecuar el contenido de la publicidad para que esta sea relevante para el usuario y para evitar mostrar anuncios que el usuario ya haya visto.<\/p>\n<h4>Cookies de an\u00e1lisis estad\u00edstico<\/h4>\n<p>Son aqu\u00e9llas que permiten realizar el seguimiento y an\u00e1lisis del comportamiento de los usuarios en los sitios Web. La informaci\u00f3n recogida mediante este tipo de cookies se utiliza en la medici\u00f3n de la actividad de los sitios Web, aplicaci\u00f3n o plataforma y para la elaboraci\u00f3n de perfiles de navegaci\u00f3n de los usuarios de dichos sitios, con el fin de introducir mejoras en el servicio en funci\u00f3n de los datos de uso que hacen los usuarios.<\/p>\n<h4>Cookies de terceros<\/h4>\n<p>En algunas p\u00e1ginas Web se pueden instalar cookies de terceros que permiten gestionar y mejorar los servicios ofrecidos. Como por ejemplo, servicios estad\u00edsticos de Google Analytics.<\/p>\n<p>\n<\/div><div class=\"bt_bb_separator bt_bb_border_style_none bt_bb_top_spacing_small bt_bb_bottom_spacing_normal\" data-bt-override-class=\"null\"><\/div><\/div><\/div><\/div><\/div><\/div><\/div><!-- cell_inner --><\/div><!-- cell --><\/div><!-- port --><\/section><section id=\"bt_bb_section69e8ae69a61a9\" class=\"bt_bb_section bt_bb_layout_boxed_1200 bt_bb_vertical_align_top bt_bb_top_spacing_normal bt_bb_bottom_spacing_normal\" style=\";background-color:#f7f7f7;\" data-bt-override-class=\"null\"><div class=\"bt_bb_port\"><div class=\"bt_bb_cell\"><div class=\"bt_bb_cell_inner\"><div class=\"bt_bb_row \"  data-bt-override-class=\"{}\"><div class=\"bt_bb_row_holder\" ><div  class=\"bt_bb_column col-xl-12 col-xs-12 col-sm-12 col-md-12 col-lg-12 bt_bb_align_left bt_bb_padding_normal\"  data-width=\"12\" data-bt-override-class=\"{}\"><div class=\"bt_bb_column_content bt_bb_vertical_align_top bt_bb_color_scheme_\"><div class=\"bt_bb_column_content_inner\"><div  class=\"bt_bb_text\" ><\/p>\n<h3>COOKIES DE VBB Abogados<\/h3>\n<p>vbbabogados.com utiliza cookies en el sitio web para ayudar a mejorar el servicio del Usuario midiendo el uso y el rendimiento del sitio web as\u00ed como para optimizarlo y personalizarlo.<\/p>\n<p>Los Usuarios registrados en el sitio web podr\u00e1n beneficiarse de unos servicios m\u00e1s personalizados y orientados a su perfil, gracias a la combinaci\u00f3n de los datos almacenados en las cookies con los datos personales utilizados en el momento de su registro. Dichos Usuarios autorizan expresamente el uso de esta informaci\u00f3n con la finalidad indicada, sin perjuicio de su derecho a rechazar o deshabilitar el uso de cookies.<\/p>\n<p>Asimismo, el sitio web podr\u00e1 saber todos los servicios solicitados por los Usuarios, de forma que podr\u00e1n facilitar u ofrecer informaci\u00f3n adecuada a los gustos y preferencias de cada usuario.<\/p>\n<p>Es posible que el sitio web contenga enlaces a otros sitios webs, en este sentido vbbabogados.com no controla las cookies utilizadas por estos sitios webs externos. Para m\u00e1s informaci\u00f3n sobre las cookies de los sitios webs ajenos, aconsejamos revisar sus propias pol\u00edticas de cookies.<\/p>\n<p>La legislaci\u00f3n vigente nos obliga a solicitar la conformidad del usuario para poder gestionar las cookies. En caso que el Usuario decida no autorizar su uso, https:\/\/vbbabogado no almacenar\u00eda ninguna cookie y tan s\u00f3lo se usar\u00edan las cookies t\u00e9cnicas dado que sin ellas no es posible navegar por el sitio web. En caso de seguir navegando por el sitio web y no denegar la autorizaci\u00f3n, dicha actividad implicar\u00e1 la aceptaci\u00f3n de su uso.<br \/>\nLas cookies utilizadas en la web son las siguientes:<\/p>\n<table style=\"width: 100%;\">\n<tbody>\n<tr>\n<th>Cookie<\/th>\n<th>Descripci\u00f3n<\/th>\n<th>Duraci\u00f3n<\/th>\n<th>Tipo<\/th>\n<\/tr>\n<tr>\n<td>__utma<\/td>\n<td>Identificaci\u00f3n de visitantes \u00fanicos: Utilizada para registrar visitantes \u00fanicos con fines estad\u00edsticos y anal\u00edticos.<\/td>\n<td>2 a\u00f1os<\/td>\n<td>Google (Analytics)<\/td>\n<\/tr>\n<tr>\n<td>__utmb<\/td>\n<td>Determinaci\u00f3n de la sesi\u00f3n del visitante: Google Analytics utiliza dos cookies para establecer una sesi\u00f3n. Si falta alguna de estas dos cookies, otra actividad inicia el comienzo de una nueva sesi\u00f3n.<\/td>\n<td>30 minutos<\/td>\n<td>Google (Analytics)<\/td>\n<\/tr>\n<tr>\n<td>__utmc<\/td>\n<td>Determinaci\u00f3n de la sesi\u00f3n del visitante: Google Analytics utiliza dos cookies para establecer una sesi\u00f3n. Si falta alguna de estas dos cookies, otra actividad inicia el comienzo de una nueva sesi\u00f3n.<\/td>\n<td>Sesi\u00f3n<\/td>\n<td>Google (Analytics)<\/td>\n<\/tr>\n<tr>\n<td>__utmz<\/td>\n<td>Registro de fuentes de tr\u00e1fico y navegaci\u00f3n: Utilizado para registrar c\u00f3mo lleg\u00f3 a nuestro sitio Web (por una b\u00fasqueda de Google, un aviso, etc.) y los recorridos que sigue mientras navega nuestro sitio. Utilizamos esta informaci\u00f3n para mejorar la experiencia del usuario en futuras actualizaciones<\/td>\n<td>6 meses<\/td>\n<td>Google (Analytics)<\/td>\n<\/tr>\n<\/tbody>\n<\/table>\n<h3>\u00bfC\u00f3mo administrar cookies en el navegador?<\/h3>\n<p>El usuario tiene la opci\u00f3n de permitir, bloquear o eliminar las cookies instaladas en su equipo mediante la configuraci\u00f3n de las opciones del navegador instalado en su terminal:<\/p>\n<p>Puede usted permitir, bloquear o eliminar las cookies instaladas en su equipo mediante la configuraci\u00f3n de las opciones de su navegador. Puede encontrar informaci\u00f3n sobre c\u00f3mo hacerlo, en relaci\u00f3n con los navegadores m\u00e1s comunes, en los links que se incluyen a continuaci\u00f3n:<\/p>\n<p><a href=\"https:\/\/support.microsoft.com\/es-es\/help\/278835\/how-to-delete-cookie-files-in-internet-explorer\">Internet Explorer<\/a><br \/>\n<a href=\"https:\/\/support.mozilla.org\/es\/kb\/Borrar%20cookies\">FireFox<\/a><br \/>\n<a href=\"https:\/\/support.google.com\/chrome\/answer\/95647?co=GENIE.Platform%3DDesktop&amp;hl=es\">Chrome<\/a><br \/>\n<a href=\"https:\/\/support.apple.com\/kb\/ph21411?locale=es_ES\">Safari<\/a><\/p>\n<p>En caso de bloquear el uso de cookies en su navegador es posible que algunos servicios o funcionalidades de la p\u00e1gina Web no est\u00e9n disponibles.<\/p>\n<p>En algunos navegadores se pueden configurar reglas espec\u00edficas para administrar cookies por sitio Web, lo que ofrece un control m\u00e1s preciso sobre la privacidad. Esto significa que se puede inhabilitar cookies de todos los sitios salvo de aquellos en los que se conf\u00ede.<\/p>\n<p>\n<\/div><div class=\"bt_bb_separator bt_bb_border_style_none bt_bb_top_spacing_small bt_bb_bottom_spacing_normal\" data-bt-override-class=\"null\"><\/div><\/div><\/div><\/div><\/div><\/div><\/div><!-- cell_inner --><\/div><!-- cell --><\/div><!-- port --><\/section><\/p>\n","protected":false},"excerpt":{"rendered":"","protected":false},"author":9,"featured_media":0,"parent":0,"menu_order":0,"comment_status":"closed","ping_status":"closed","template":"","meta":{"footnotes":""},"class_list":["post-6840","page","type-page","status-publish","hentry"],"yoast_head":"<!-- This site is optimized with the Yoast SEO plugin v27.4 - https:\/\/yoast.com\/product\/yoast-seo-wordpress\/ -->\n<title>Pol\u00edtica de cookies - Boltas Boy&eacute; Abogados&reg;<\/title>\n<meta name=\"robots\" content=\"index, follow, max-snippet:-1, max-image-preview:large, max-video-preview:-1\" \/>\n<link rel=\"canonical\" href=\"https:\/\/vbbabogados.com\/ca\/politica-de-cookies\/\" \/>\n<meta property=\"og:locale\" content=\"ca_ES\" \/>\n<meta property=\"og:type\" content=\"article\" \/>\n<meta property=\"og:title\" content=\"Pol\u00edtica de cookies - Boltas Boy&eacute; Abogados&reg;\" \/>\n<meta property=\"og:url\" content=\"https:\/\/vbbabogados.com\/ca\/politica-de-cookies\/\" \/>\n<meta property=\"og:site_name\" content=\"Boltas Boy&eacute; Abogados&reg;\" \/>\n<meta name=\"twitter:card\" content=\"summary_large_image\" \/>\n<meta name=\"twitter:label1\" content=\"Temps estimat de lectura\" \/>\n\t<meta name=\"twitter:data1\" content=\"12 minuts\" \/>\n<!-- \/ Yoast SEO plugin. -->","yoast_head_json":{"title":"Pol\u00edtica de cookies - Boltas Boy&eacute; Abogados&reg;","robots":{"index":"index","follow":"follow","max-snippet":"max-snippet:-1","max-image-preview":"max-image-preview:large","max-video-preview":"max-video-preview:-1"},"canonical":"https:\/\/vbbabogados.com\/ca\/politica-de-cookies\/","og_locale":"ca_ES","og_type":"article","og_title":"Pol\u00edtica de cookies - Boltas Boy&eacute; Abogados&reg;","og_url":"https:\/\/vbbabogados.com\/ca\/politica-de-cookies\/","og_site_name":"Boltas Boy&eacute; Abogados&reg;","twitter_card":"summary_large_image","twitter_misc":{"Temps estimat de lectura":"12 minuts"},"schema":{"@context":"https:\/\/schema.org","@graph":[{"@type":"WebPage","@id":"https:\/\/vbbabogados.com\/ca\/politica-de-cookies\/","url":"https:\/\/vbbabogados.com\/ca\/politica-de-cookies\/","name":"Pol\u00edtica de cookies - Boltas Boy&eacute; Abogados&reg;","isPartOf":{"@id":"https:\/\/vbbabogados.com\/#website"},"datePublished":"2024-04-19T17:54:24+00:00","inLanguage":"ca","potentialAction":[{"@type":"ReadAction","target":["https:\/\/vbbabogados.com\/ca\/politica-de-cookies\/"]}]},{"@type":"WebSite","@id":"https:\/\/vbbabogados.com\/#website","url":"https:\/\/vbbabogados.com\/","name":"Boltas Boy&eacute; Abogados&reg;","description":"Firma de Abogados en Barcelona","potentialAction":[{"@type":"SearchAction","target":{"@type":"EntryPoint","urlTemplate":"https:\/\/vbbabogados.com\/?s={search_term_string}"},"query-input":{"@type":"PropertyValueSpecification","valueRequired":true,"valueName":"search_term_string"}}],"inLanguage":"ca"}]}},"_links":{"self":[{"href":"https:\/\/vbbabogados.com\/ca\/wp-json\/wp\/v2\/pages\/6840","targetHints":{"allow":["GET"]}}],"collection":[{"href":"https:\/\/vbbabogados.com\/ca\/wp-json\/wp\/v2\/pages"}],"about":[{"href":"https:\/\/vbbabogados.com\/ca\/wp-json\/wp\/v2\/types\/page"}],"author":[{"embeddable":true,"href":"https:\/\/vbbabogados.com\/ca\/wp-json\/wp\/v2\/users\/9"}],"replies":[{"embeddable":true,"href":"https:\/\/vbbabogados.com\/ca\/wp-json\/wp\/v2\/comments?post=6840"}],"version-history":[{"count":1,"href":"https:\/\/vbbabogados.com\/ca\/wp-json\/wp\/v2\/pages\/6840\/revisions"}],"predecessor-version":[{"id":6841,"href":"https:\/\/vbbabogados.com\/ca\/wp-json\/wp\/v2\/pages\/6840\/revisions\/6841"}],"wp:attachment":[{"href":"https:\/\/vbbabogados.com\/ca\/wp-json\/wp\/v2\/media?parent=6840"}],"curies":[{"name":"wp","href":"https:\/\/api.w.org\/{rel}","templated":true}]}}